{"id":16,"date":"2024-10-21T07:32:09","date_gmt":"2024-10-21T07:32:09","guid":{"rendered":"https:\/\/ra-baron-nieland.de\/?page_id=16"},"modified":"2024-10-21T13:49:22","modified_gmt":"2024-10-21T13:49:22","slug":"datenschutz","status":"publish","type":"page","link":"https:\/\/ra-baron-nieland.de\/index.php\/datenschutz\/","title":{"rendered":"Datenschutz"},"content":{"rendered":"\n<p>Datenschutzerkl\u00e4rung f\u00fcr die Website<br><br>1. Verantwortlicher nach Art. 4 Nr.7 EU DS-GVO<br>Verantwortlicher im Sinne der Datenschutz-Grundverordnung, sonstiger in den Mitgliedstaaten der Europ\u00e4ischen Union geltenden Datenschutzgesetze und anderer Bestimmungen mit datenschutzrechtlichem Charakter ist:<br><\/p>\n\n\n\n<p>Susanne Baron-Nieland<br><br>Georg-B\u00fcchner- Str. 48, 40699 Erkrath 46045 Oberhausen<br>Telefon +49 (0) 211 9253625<br>Telefax +49 (0) 211 9253624<br>E-Mail Ra-Baron-Nieland-de<br>Internet <a href=\"http:\/\/weiss-oberhausen.adac-vertragsanwalt.de\" target=\"_blank\" rel=\"noreferrer noopener\">ra-baron-nieland.de<\/a><br><br>2. Erhebung und Speicherung personenbezogener Daten sowie Art und Zweck von deren Verwendung<\/p>\n\n\n\n<p><br>a) Beim Besuch der Website<br>(1) Beim Aufrufen unserer Website werden durch den auf Ihrem Endger\u00e4t zum Einsatz kommenden Browser automatisch Informationen an den Server unserer Website gesendet. Wenn Sie unsere Webseite betrachten m\u00f6chten, erheben wir die folgenden Daten, die f\u00fcr uns technisch erforderlich sind, um Ihnen die Anzeige unserer Webseite zu erm\u00f6glichen und die Stabilit\u00e4t und Sicherheit zu gew\u00e4hrleisten:<br>IP-Adresse,<br>Datum und Uhrzeit der Anfrage,<br>Zeitzonendifferenz zu GMT,<br>Inhalt der Webseite,<br>Zugriffsstatus (HTTP-Status),<br>\u00fcbertragene Datenmenge,<br>Anforderungs-Website,<br>Webbrowser,<br>Betriebssystem,<br>Sprache und Version des Browsers<br>(2) Die Erhebung und vor\u00fcbergehende Speicherung der IP-Adresse ist notwendig, um die Auslieferung unserer Webseite auf Ihr Endger\u00e4t zu erm\u00f6glichen. Hierf\u00fcr muss Ihre IP-Adresse f\u00fcr die Dauer des Besuchs unserer Webseite gespeichert werden.<br>(3) Die Rechtsgrundlage f\u00fcr die Datenverarbeitung ist Art. 6 Abs. 1 S. 1 lit. f DSGVO. Unser berechtigtes Interesse folgt aus oben aufgelisteten Zwecken zur Datenerhebung. Eine Speicherung dieser Daten dar\u00fcber hinaus findet nicht statt. Es sind keine R\u00fcckschl\u00fcsse auf bestimmte Personen bzw. Besucher m\u00f6glich. Es erfolgt keine personenbezogene Auswertung oder Profilbildung.<br><br>3. Weitergabe von Daten<br>Eine \u00dcbermittlung Ihrer pers\u00f6nlichen Daten an Dritte zu anderen als den im Folgenden aufgef\u00fchrten Zwecken findet nicht statt. Ihre pers\u00f6nlichen Daten werden nur an Dritte weitergegeben, wenn:<br>Sie Ihre nach Art. 6 Abs. 1 S. 1 lit. a DSGVO ausdr\u00fcckliche Einwilligung dazu erteilt haben,<br>die Weitergabe nach Art. 6 Abs. 1 S. 1 lit. f DSGVO zur Geltendmachung, Aus\u00fcbung oder Verteidigung von Rechtsanspr\u00fcchen erforderlich ist und kein Grund zur Annahme besteht, dass Sie ein \u00fcberwiegendes schutzw\u00fcrdiges Interesse an der Nichtweitergabe Ihrer Daten haben,<br>f\u00fcr den Fall, dass f\u00fcr die Weitergabe nach Art. 6 Abs. 1 S. 1 lit. c DSGVO eine gesetzliche Verpflichtung besteht, sowie<br>dies gesetzlich zul\u00e4ssig und nach Art. 6 Abs. 1 S. 1 lit. b DSGVO f\u00fcr die Abwicklung von Vertragsverh\u00e4ltnissen mit Ihnen erforderlich ist.<br><\/p>\n\n\n\n<p>4. Cookies<br>F\u00fcr den Betrieb der Webseite werden keine Cookies verwendet.<\/p>\n\n\n\n<p><br>5. Betroffenenrechte<br>Sie haben das Recht:<br>gem\u00e4\u00df Art. 15 DSGVO Auskunft \u00fcber Ihre von uns verarbeiteten personenbezogenen Daten zu verlangen. Insbesondere k\u00f6nnen Sie Auskunft \u00fcber die Verarbeitungszwecke, die Kategorie der personenbezogenen Daten, die Kategorien von Empf\u00e4ngern, gegen\u00fcber denen Ihre Daten offengelegt wurden oder werden, die geplante Speicherdauer, das Bestehen eines Rechts auf Berichtigung, L\u00f6schung, Einschr\u00e4nkung der Verarbeitung oder Widerspruch, das Bestehen eines Beschwerderechts, die Herkunft ihrer Daten, sofern diese nicht bei uns erhoben wurden, sowie \u00fcber das Bestehen einer automatisierten Entscheidungsfindung einschlie\u00dflich Profiling und ggf. aussagekr\u00e4ftigen Informationen zu deren Einzelheiten verlangen;<br>gem\u00e4\u00df Art. 16 DSGVO unverz\u00fcglich die Berichtigung unrichtiger oder Vervollst\u00e4ndigung Ihrer bei uns gespeicherten personenbezogenen Daten zu verlangen;<br>gem\u00e4\u00df Art. 17 DSGVO die L\u00f6schung Ihrer bei uns gespeicherten personenbezogenen Daten zu verlangen, soweit nicht die Verarbeitung zur Aus\u00fcbung des Rechts auf freie Meinungs\u00e4u\u00dferung und Information, zur Erf\u00fcllung einer rechtlichen Verpflichtung, aus Gr\u00fcnden des \u00f6ffentlichen Interesses oder zur Geltendmachung, Aus\u00fcbung oder Verteidigung von Rechtsanspr\u00fcchen erforderlich ist;<br>gem\u00e4\u00df Art. 18 DSGVO die Einschr\u00e4nkung der Verarbeitung Ihrer personenbezogenen Daten zu verlangen, soweit die Richtigkeit der Daten von Ihnen bestritten wird, die Verarbeitung unrechtm\u00e4\u00dfig ist, Sie aber deren L\u00f6schung ablehnen und wir die Daten nicht mehr ben\u00f6tigen, Sie jedoch diese zur Geltendmachung, Aus\u00fcbung oder Verteidigung von Rechtsanspr\u00fcchen ben\u00f6tigen oder Sie gem\u00e4\u00df Art. 21 DSGVO Widerspruch gegen die Verarbeitung eingelegt haben;<br>gem\u00e4\u00df Art. 20 DSGVO Ihre personenbezogenen Daten, die Sie uns bereitgestellt haben, in einem strukturierten, g\u00e4ngigen und maschinenlesebaren Format zu erhalten oder die \u00dcbermittlung an einen anderen Verantwortlichen zu verlangen;<br>gem\u00e4\u00df Art. 7 Abs. 3 DSGVO Ihre einmal erteilte Einwilligung jederzeit gegen\u00fcber uns zu widerrufen. Dies hat zur Folge, dass wir die Datenverarbeitung, die auf dieser Einwilligung beruhte, f\u00fcr die Zukunft nicht mehr fortf\u00fchren d\u00fcrfen und<br>gem\u00e4\u00df Art. 77 DSGVO sich bei einer Aufsichtsbeh\u00f6rde zu beschweren. In der Regel k\u00f6nnen Sie sich hierf\u00fcr an die Aufsichtsbeh\u00f6rde Ihres \u00fcblichen Aufenthaltsortes oder Arbeitsplatzes oder unseres Kanzleisitzes wenden<\/p>\n\n\n\n<p><br>6. Widerspruchsrecht<br><strong>Sie haben das Recht, gem\u00e4\u00df Art. 21 DSGVO Widerspruch gegen die Verarbeitung Ihrer personenbezogenen Daten einzulegen, soweit daf\u00fcr Gr\u00fcnde vorliegen, die sich aus Ihrer besonderen Situation ergeben oder sich der Widerspruch gegen Direktwerbung richtet. Im letzten Fall haben Sie ein generelles Widerspruchsrecht, das ohne Angabe einer besonderen Situation von uns umgesetzt wird. Sie haben die M\u00f6glichkeit, den Widerspruch telefonisch, per E-Mail, per Telefax oder an unsere zu Beginn dieser Datenschutzerkl\u00e4rung aufgef\u00fchrte Postadresse der Kanzlei formlos mitzuteilen.<\/strong><\/p>\n\n\n\n<p><br>7.  Datensicherheit\u00a0<br>Zur Gew\u00e4hrung der Datensicherheit erfolgt die \u00dcbertragung der Inhalte unserer Webseite verschl\u00fcsselt nach dem SSL Verfahren gem\u00e4\u00df dem Stand der Technik. Zur Sicherung der Daten werden von uns und den beauftragten Dienstleistern, mit denen entsprechende vertragliche Vereinbarungen getroffen wurden, geeignete Ma\u00dfnahmen nach dem Stand der Technik, insbesondere zur Beschr\u00e4nkung des Zugangs zu den Daten, zum Schutz gegen Ver\u00e4nderungen und Verlust, und zur Vertraulichkeit gem\u00e4\u00df dem Stand der Technik eingesetzt<\/p>\n\n\n\n<p><br>08. Stand und Aktualisierung dieser Datenschutzerkl\u00e4rung<br>Diese Datenschutzerkl\u00e4rung hat den Stand vom 21.10.2024. Wir behalten uns vor, die Datenschutzerkl\u00e4rung bei Bedarf, insbesondere zur Anpassung an eine Weiterentwicklung der Website oder Implementierung neuer Technologien, jederzeit mit Wirkung f\u00fcr die Zukunft zu \u00e4ndern.<\/p>\n","protected":false},"excerpt":{"rendered":"<p>Datenschutzerkl\u00e4rung f\u00fcr die Website 1. Verantwortlicher nach Art. 4 Nr.7 EU DS-GVOVerantwortlicher im Sinne der Datenschutz-Grundverordnung, sonstiger in den Mitgliedstaaten der Europ\u00e4ischen Union geltenden Datenschutzgesetze und anderer Bestimmungen mit datenschutzrechtlichem Charakter ist: Susanne Baron-Nieland Georg-B\u00fcchner- Str. 48, 40699 Erkrath 46045 OberhausenTelefon +49 (0) 211 9253625Telefax +49 (0) 211 9253624E-Mail Ra-Baron-Nieland-deInternet ra-baron-nieland.de 2. Erhebung und Speicherung [&hellip;]<\/p>\n","protected":false},"author":1,"featured_media":0,"parent":0,"menu_order":0,"comment_status":"closed","ping_status":"closed","template":"","meta":{"footnotes":""},"class_list":["post-16","page","type-page","status-publish","hentry"],"_links":{"self":[{"href":"https:\/\/ra-baron-nieland.de\/index.php\/wp-json\/wp\/v2\/pages\/16","targetHints":{"allow":["GET"]}}],"collection":[{"href":"https:\/\/ra-baron-nieland.de\/index.php\/wp-json\/wp\/v2\/pages"}],"about":[{"href":"https:\/\/ra-baron-nieland.de\/index.php\/wp-json\/wp\/v2\/types\/page"}],"author":[{"embeddable":true,"href":"https:\/\/ra-baron-nieland.de\/index.php\/wp-json\/wp\/v2\/users\/1"}],"replies":[{"embeddable":true,"href":"https:\/\/ra-baron-nieland.de\/index.php\/wp-json\/wp\/v2\/comments?post=16"}],"version-history":[{"count":3,"href":"https:\/\/ra-baron-nieland.de\/index.php\/wp-json\/wp\/v2\/pages\/16\/revisions"}],"predecessor-version":[{"id":63,"href":"https:\/\/ra-baron-nieland.de\/index.php\/wp-json\/wp\/v2\/pages\/16\/revisions\/63"}],"wp:attachment":[{"href":"https:\/\/ra-baron-nieland.de\/index.php\/wp-json\/wp\/v2\/media?parent=16"}],"curies":[{"name":"wp","href":"https:\/\/api.w.org\/{rel}","templated":true}]}}