{"id":14,"date":"2024-10-21T07:31:52","date_gmt":"2024-10-21T07:31:52","guid":{"rendered":"https:\/\/ra-baron-nieland.de\/?page_id=14"},"modified":"2024-10-21T13:40:07","modified_gmt":"2024-10-21T13:40:07","slug":"impressum","status":"publish","type":"page","link":"https:\/\/ra-baron-nieland.de\/index.php\/impressum\/","title":{"rendered":"Impressum"},"content":{"rendered":"\n<p><br><br>Pflichtangaben gem. \u00a7 5 Digitale-Dienste-Gesetz (DDG) sowie \u00a7 2 DL-InfoV<\/p>\n\n\n\n<p><br><strong>Anbieter<\/strong><br><br>Susanne Baron-Nieland<br>Georg-B\u00fcchner-Str. 48<br>40699 Erkrath\u00a0\u00a0\u00a0\u00a0\u00a0\u00a0\u00a0\u00a0\u00a0\u00a0\u00a0\u00a0\u00a0\u00a0\u00a0\u00a0\u00a0\u00a0\u00a0\u00a0\u00a0\u00a0\u00a0\u00a0\u00a0\u00a0\u00a0\u00a0\u00a0\u00a0\u00a0\u00a0\u00a0\u00a0<br>Telefon +49 (0) 211 9253625<br>Telefax +49 (0) 211 9253624<br>E-Mail Ra-Baron-Nieland.de<br>Internet <a href=\"http:\/\/weiss-oberhausen.adac-vertragsanwalt.de\" target=\"_blank\" rel=\"noreferrer noopener\">ra-baron-nieland.de<\/a><br><\/p>\n\n\n\n<p><strong>Zust\u00e4ndige Kammer und zust\u00e4ndige Aufsichtsbeh\u00f6rde aufgrund der Rechtsanwaltst\u00e4tigkeit<\/strong><br><br>Rechtsanwaltskammer D\u00fcsseldorf, Freiligrathstr. 25,\u00a040479 D\u00fcsseldorf\u00a0(<a href=\"http:\/\/www.rechtsanwaltskammer-duesseldorf.de\" target=\"_blank\" rel=\"noreferrer noopener\">www.rechtsanwaltskammer-duesseldorf.de<\/a>)<br><br><strong>Berufsbezeichnung<\/strong><br><br>Rechtsanw\u00e4ltin  (verliehen in der Bundesrepublik Deutschland)<br><br><strong>Berufsrechtliche Regelungen f\u00fcr Rechtsanw\u00e4lte<\/strong><br><br>Berufsordnung f\u00fcr Rechtsanw\u00e4lte (BORA)<br>Fachanwaltsordnung (FAO)<br>Bundesrechtsanwaltsordnung (BRAO)<br>Rechtsanwaltsverg\u00fctungsgesetz (RVG)<br>Berufsregeln der Rechtsanw\u00e4lte der Europ\u00e4ischen Gemeinschaft (CCBE)<br><br>Die berufsrechtlichen Regelungen k\u00f6nnen unter <a href=\"http:\/\/www.brak.de\/seiten\/06.php\" target=\"_blank\" rel=\"noreferrer noopener\">www.brak.de\/seiten\/06.php<\/a> bei der Bundesrechtsanwaltskammer (BRAK) eingesehen werden.<br><br><strong>Berufshaftpflicht<\/strong><br>R + V Versicherung<\/p>\n\n\n\n<p><br><strong>Umsatzsteuer-Identifikationsnummer gem\u00e4\u00df \u00a7 27 a Umsatzsteuergesetz<\/strong><br><br>DE 147\/5013\/0795<\/p>\n\n\n\n<p><br><strong>Au\u00dfergerichtliche Streitschlichtung<br><\/strong><br>Bei Streitigkeiten zwischen Rechtsanw\u00e4lten und deren Auftraggebern besteht auf Antrag die M\u00f6glichkeit der au\u00dfergerichtlichen Streitschlichtung bei der Rechtsanwaltskammer D\u00fcsseldorf (N\u00e4heres unter <a href=\"http:\/\/www.rechtsanwaltskammer-duesseldorf.de\" target=\"_blank\" rel=\"noreferrer noopener\">www.rechtsanwaltskammer-duesseldorf.de<\/a>, Adresse wie oben) gem\u00e4\u00df \u00a7 73 Abs. 2 Nr. 3 i.V.m. \u00a7 73 Abs. 5 Bundesrechtsanwaltsordnung (BRAO) oder bei der Schlichtungsstelle der Rechtsanwaltschaft bei der Bundesrechtsanwaltskammer (\u00a7 191f Bundesrechtsanwaltsordnung (BRAO)).<br><br>Online-Streitbeilegung gem\u00e4\u00df Art. 14 Abs.1 ODR-VO: Die Europ\u00e4ische Kommission stellt eine Plattform zur Online-Streitbeilegung (OS) bereit, die Sie unter <a href=\"http:\/\/ec.europa.eu\/consumers\/odr\" target=\"_blank\" rel=\"noreferrer noopener\">ec.europa.eu\/consumers\/odr<\/a> finden.<br><\/p>\n\n\n\n<p><strong>Verantwortlich f\u00fcr Inhalte der Texte <\/strong><br><br>Rechtsanw\u00e4ltin Susanne Baron-Nieland<\/p>\n\n\n\n<p><strong>Haftungshinweise<\/strong><br><br>Trotz sorgf\u00e4ltiger inhaltlicher Kontrolle wird keine Gew\u00e4hr f\u00fcr die Aktualit\u00e4t, die Vollst\u00e4ndigkeit, die Korrektheit der auf dieser Homepage eingestellten Informationen \u00fcbernommen.<br>\u00a0<br>Die auf dieser Homepage angegebenen externen Links wurden zum Zeitpunkt des Eintrags gepr\u00fcft, k\u00f6nnen aber nicht regelm\u00e4\u00dfig auf eventuelle Ver\u00e4nderungen hin kontrolliert werden. Wir distanzieren uns deshalb ausdr\u00fccklich von den Inhalten der verlinkten Seiten und machen uns deren Inhalte nicht zu eigen. F\u00fcr illegale, unkorrekte oder unvollst\u00e4ndige Inhalte sowie f\u00fcr Sch\u00e4den, die durch die Nutzung der Informationen entstehen, haftet allein der Betreiber der Internetseite, auf die verlinkt wurde. Eine Haftung durch den blo\u00dfen Hinweis auf diese Ver\u00f6ffentlichung ist ausgeschlossen.<br><br>F\u00fcr fremde Links auf die hier angebotene Homepage besteht nur dann Verantwortung, wenn der Betreiber positive Kenntnis von z.B. deren eventuell illegalen oder strafbaren Inhalten hat und es dem Betreiber technisch m\u00f6glich und zumutbar ist, die Nutzung dieser Homepage zu unterbinden.<br>\u00a0<br>Bei Kontaktaufnahme per E-Mail wird keine Gew\u00e4hr daf\u00fcr \u00fcbernommen, dass die betreffende E-Mail so rechtzeitig gelesen wird, dass alle zur Einhaltung von Terminen oder Fristen erforderlichen Ma\u00dfnahmen termin- bzw. fristgerecht ergriffen werden k\u00f6nnen.<\/p>\n","protected":false},"excerpt":{"rendered":"<p>Pflichtangaben gem. \u00a7 5 Digitale-Dienste-Gesetz (DDG) sowie \u00a7 2 DL-InfoV Anbieter Susanne Baron-NielandGeorg-B\u00fcchner-Str. 4840699 Erkrath\u00a0\u00a0\u00a0\u00a0\u00a0\u00a0\u00a0\u00a0\u00a0\u00a0\u00a0\u00a0\u00a0\u00a0\u00a0\u00a0\u00a0\u00a0\u00a0\u00a0\u00a0\u00a0\u00a0\u00a0\u00a0\u00a0\u00a0\u00a0\u00a0\u00a0\u00a0\u00a0\u00a0\u00a0Telefon +49 (0) 211 9253625Telefax +49 (0) 211 9253624E-Mail Ra-Baron-Nieland.deInternet ra-baron-nieland.de Zust\u00e4ndige Kammer und zust\u00e4ndige Aufsichtsbeh\u00f6rde aufgrund der Rechtsanwaltst\u00e4tigkeit Rechtsanwaltskammer D\u00fcsseldorf, Freiligrathstr. 25,\u00a040479 D\u00fcsseldorf\u00a0(www.rechtsanwaltskammer-duesseldorf.de) Berufsbezeichnung Rechtsanw\u00e4ltin (verliehen in der Bundesrepublik Deutschland) Berufsrechtliche Regelungen f\u00fcr Rechtsanw\u00e4lte Berufsordnung f\u00fcr Rechtsanw\u00e4lte (BORA)Fachanwaltsordnung (FAO)Bundesrechtsanwaltsordnung (BRAO)Rechtsanwaltsverg\u00fctungsgesetz [&hellip;]<\/p>\n","protected":false},"author":1,"featured_media":0,"parent":0,"menu_order":0,"comment_status":"closed","ping_status":"closed","template":"","meta":{"footnotes":""},"class_list":["post-14","page","type-page","status-publish","hentry"],"_links":{"self":[{"href":"https:\/\/ra-baron-nieland.de\/index.php\/wp-json\/wp\/v2\/pages\/14","targetHints":{"allow":["GET"]}}],"collection":[{"href":"https:\/\/ra-baron-nieland.de\/index.php\/wp-json\/wp\/v2\/pages"}],"about":[{"href":"https:\/\/ra-baron-nieland.de\/index.php\/wp-json\/wp\/v2\/types\/page"}],"author":[{"embeddable":true,"href":"https:\/\/ra-baron-nieland.de\/index.php\/wp-json\/wp\/v2\/users\/1"}],"replies":[{"embeddable":true,"href":"https:\/\/ra-baron-nieland.de\/index.php\/wp-json\/wp\/v2\/comments?post=14"}],"version-history":[{"count":3,"href":"https:\/\/ra-baron-nieland.de\/index.php\/wp-json\/wp\/v2\/pages\/14\/revisions"}],"predecessor-version":[{"id":59,"href":"https:\/\/ra-baron-nieland.de\/index.php\/wp-json\/wp\/v2\/pages\/14\/revisions\/59"}],"wp:attachment":[{"href":"https:\/\/ra-baron-nieland.de\/index.php\/wp-json\/wp\/v2\/media?parent=14"}],"curies":[{"name":"wp","href":"https:\/\/api.w.org\/{rel}","templated":true}]}}